{"id":5359,"date":"2021-05-18T12:49:42","date_gmt":"2021-05-18T10:49:42","guid":{"rendered":"https:\/\/www.adorablebeauty.it\/prodotto\/soleil-spf-6-crema-solare-bassa-protezione\/"},"modified":"2025-11-28T14:50:01","modified_gmt":"2025-11-28T13:50:01","slug":"soleil-spf-6-crema-solare-bassa-protezione","status":"publish","type":"product","link":"https:\/\/www.adorablebeauty.it\/en\/prodotto\/soleil-spf-6-crema-solare-bassa-protezione\/","title":{"rendered":"Soleil SPF 6 sunscreen low protection"},"content":{"rendered":"<p class=\"desc\">Light and gentle, this cream offers basic protection for less intense days in the sun, helping to protect the skin from the visible signs of aging. Content 150 ml.<\/p>\n<p class=\"desc\"><strong>INGREDIENTS:<\/strong><br \/>\nAqua, Isoamyl cocoate, Glycerin, Cetearyl alcohol, Diethylamino hydroxybenzoyl hexyl benzoate, Ethylhexyl stearate, Ethylhexyl triazone, Sodium cetearyl sulfate, Cetyl alcohol, Helianthus annuus seed oil, Aloe barbadensis leaf juice (*), Cannabis sativa seed oil, Titanium dioxide, Juglans regia shell extract, Caprylic\/capric triglyceride, Helichrysum italicum extract, Parfum, Glucose, Silica, Sorbitol, Jojoba esters, Sodium glutamate, Urea, Limonene, Amyl cinnamal, Glycine, Hydrolyzed wheat protein, Lactic acid, Sodium PCA, Capsanthin\/capsorubin, Panthenol, Linalool, Zea mays oil, CI 75810, Benzyl alcohol, Ethylhexylglycerin. (*) from organic farming.<\/p>\n<p><strong>METHOD OF USE:<\/strong><br \/>\nApply the cream generously to the face, neck, d\u00e9collet\u00e9 and any other sun-exposed areas every two hours and after every bath or heavy sweating.<\/p>\n","protected":false},"excerpt":{"rendered":"<div class=\"testimonialt\"><span class=\"titoloT\"><b>Ottima<\/b><\/span><br \/>\n<em><b><span class=\"testotT\">&#8220;Ho usato la crema nelle mie vacanze al lago, non ho grossi problemi di scottature ed ho scelto la protezione pi\u00f9 bassa, ha un profumo molto gradevole ed \u00e8 piacevole al tatto, abbronzatura top.&#8221;<\/span><\/b><\/em><span class=\"nomeT\"><b>Carmela<\/b><\/span><\/div>\n<p><b><span data-contrast=\"auto\">Hai gi\u00e0 una bella abbronzatura?<\/span><\/b><br \/>\n<span data-contrast=\"auto\">La nostra crema solare a bassa protezione \u00e8 perfetta, aiuta a proteggere la pelle dai segni visibili dell&#8217;invecchiamento e contribuisce a rendere la tua abbronzatura pi\u00f9 intensa.<\/span><\/p>\n<p>&nbsp;<\/p>\n<p><span data-contrast=\"auto\">SOLEIL SPF 6 CREMA SOLARE BASSA PROTEZIONE<\/span><\/p>\n<ul>\n<li><span data-contrast=\"auto\"> La pelle abbronzata \u00e8 protetta da un velo protettivo<\/span><\/li>\n<li><span data-contrast=\"auto\"> Esalta l\u2019abbronzatura e la rende pi\u00f9 intensa, pi\u00f9 dorata e duratura<\/span><\/li>\n<li><span data-contrast=\"auto\"> Day after day, the skin is hydrated and nourished, smoothed and protected<\/span><\/li>\n<\/ul>\n<p>&nbsp;<\/p>\n<p><span data-contrast=\"auto\">Emulsione fluida viso-corpo ideale per pelli gi\u00e0 abbronzate e non sensibili. L\u2019Aloe e l\u2019Olio di Canapa mantengono la pelle morbida e idratata, prevenendo i segni dell\u2019invecchiamento cutaneo.<\/span><\/p>\n<p>&nbsp;<\/p>\n<p><span data-contrast=\"auto\">Usage:<\/span><\/p>\n<p><span data-contrast=\"auto\">applicare pi\u00f9 volte sul viso e sul corpo durante l\u2019esposizione al sole. Il prodotto non \u00e8 resistente all\u2019acqua.<\/span><\/p>\n","protected":false},"featured_media":5259,"template":"","meta":[],"product_cat":[491],"product_tag":[],"acf":[],"yoast_head":"<!-- This site is optimized with the Yoast SEO plugin v21.3 - https:\/\/yoast.com\/wordpress\/plugins\/seo\/ -->\n<title>Soleil SPF 6 sunscreen low protection - Adorable Beauty<\/title>\n<meta name=\"robots\" content=\"index, follow, max-snippet:-1, max-image-preview:large, max-video-preview:-1\" \/>\n<link rel=\"canonical\" href=\"https:\/\/www.adorablebeauty.it\/en\/prodotto\/soleil-spf-6-crema-solare-bassa-protezione\/\" \/>\n<meta property=\"og:locale\" content=\"en_US\" \/>\n<meta property=\"og:type\" content=\"article\" \/>\n<meta property=\"og:title\" content=\"Soleil SPF 6 sunscreen low protection - Adorable Beauty\" \/>\n<meta property=\"og:description\" content=\"Ottima &quot;Ho usato la crema nelle mie vacanze al lago, non ho grossi problemi di scottature ed ho scelto la protezione pi\u00f9 bassa, ha un profumo molto gradevole ed \u00e8 piacevole al tatto, abbronzatura top.&quot;Carmela Hai gi\u00e0 una bella abbronzatura? La nostra crema solare a bassa protezione \u00e8 perfetta, aiuta a proteggere la pelle dai segni visibili dell&#039;invecchiamento e contribuisce a rendere la tua abbronzatura pi\u00f9 intensa.  &nbsp;  SOLEIL SPF 6 CREMA SOLARE BASSA PROTEZIONE    La pelle abbronzata \u00e8 protetta da un velo protettivo   Esalta l\u2019abbronzatura e la rende pi\u00f9 intensa, pi\u00f9 dorata e duratura   Day after day, the skin is hydrated and nourished, smoothed and protected  &nbsp;  Emulsione fluida viso-corpo ideale per pelli gi\u00e0 abbronzate e non sensibili. L\u2019Aloe e l\u2019Olio di Canapa mantengono la pelle morbida e idratata, prevenendo i segni dell\u2019invecchiamento cutaneo.  &nbsp;  Usage:  applicare pi\u00f9 volte sul viso e sul corpo durante l\u2019esposizione al sole. Il prodotto non \u00e8 resistente all\u2019acqua.\" \/>\n<meta property=\"og:url\" content=\"https:\/\/www.adorablebeauty.it\/en\/prodotto\/soleil-spf-6-crema-solare-bassa-protezione\/\" \/>\n<meta property=\"og:site_name\" content=\"Adorable Beauty\" \/>\n<meta property=\"article:publisher\" content=\"https:\/\/www.facebook.com\/adorablebeauty.it\/\" \/>\n<meta property=\"article:modified_time\" content=\"2025-11-28T13:50:01+00:00\" \/>\n<meta property=\"og:image\" content=\"https:\/\/www.adorablebeauty.it\/wp-content\/uploads\/2023\/06\/Adorable-beauty.013.jpeg\" \/>\n\t<meta property=\"og:image:width\" content=\"1080\" \/>\n\t<meta property=\"og:image:height\" content=\"1080\" \/>\n\t<meta property=\"og:image:type\" content=\"image\/jpeg\" \/>\n<meta name=\"twitter:card\" content=\"summary_large_image\" \/>\n<meta name=\"twitter:label1\" content=\"Est. reading time\" \/>\n\t<meta name=\"twitter:data1\" content=\"1 minute\" \/>\n<script type=\"application\/ld+json\" class=\"yoast-schema-graph\">{\"@context\":\"https:\/\/schema.org\",\"@graph\":[{\"@type\":\"WebPage\",\"@id\":\"https:\/\/www.adorablebeauty.it\/en\/prodotto\/soleil-spf-6-crema-solare-bassa-protezione\/\",\"url\":\"https:\/\/www.adorablebeauty.it\/en\/prodotto\/soleil-spf-6-crema-solare-bassa-protezione\/\",\"name\":\"Soleil SPF 6 sunscreen low protection - Adorable Beauty\",\"isPartOf\":{\"@id\":\"https:\/\/www.adorablebeauty.it\/en\/#website\"},\"datePublished\":\"2021-05-18T10:49:42+00:00\",\"dateModified\":\"2025-11-28T13:50:01+00:00\",\"breadcrumb\":{\"@id\":\"https:\/\/www.adorablebeauty.it\/en\/prodotto\/soleil-spf-6-crema-solare-bassa-protezione\/#breadcrumb\"},\"inLanguage\":\"en-US\",\"potentialAction\":[{\"@type\":\"ReadAction\",\"target\":[\"https:\/\/www.adorablebeauty.it\/en\/prodotto\/soleil-spf-6-crema-solare-bassa-protezione\/\"]}]},{\"@type\":\"BreadcrumbList\",\"@id\":\"https:\/\/www.adorablebeauty.it\/en\/prodotto\/soleil-spf-6-crema-solare-bassa-protezione\/#breadcrumb\",\"itemListElement\":[{\"@type\":\"ListItem\",\"position\":1,\"name\":\"Home\",\"item\":\"https:\/\/www.adorablebeauty.it\/en\/home-2024\/\"},{\"@type\":\"ListItem\",\"position\":2,\"name\":\"Shop\",\"item\":\"https:\/\/www.adorablebeauty.it\/en\/shop-2\/\"},{\"@type\":\"ListItem\",\"position\":3,\"name\":\"Soleil SPF 6 sunscreen low protection\"}]},{\"@type\":\"WebSite\",\"@id\":\"https:\/\/www.adorablebeauty.it\/en\/#website\",\"url\":\"https:\/\/www.adorablebeauty.it\/en\/\",\"name\":\"Adorable Beauty\",\"description\":\"Natural Beauty\",\"publisher\":{\"@id\":\"https:\/\/www.adorablebeauty.it\/en\/#organization\"},\"potentialAction\":[{\"@type\":\"SearchAction\",\"target\":{\"@type\":\"EntryPoint\",\"urlTemplate\":\"https:\/\/www.adorablebeauty.it\/en\/?s={search_term_string}\"},\"query-input\":\"required name=search_term_string\"}],\"inLanguage\":\"en-US\"},{\"@type\":\"Organization\",\"@id\":\"https:\/\/www.adorablebeauty.it\/en\/#organization\",\"name\":\"Adorable beauty\",\"url\":\"https:\/\/www.adorablebeauty.it\/en\/\",\"logo\":{\"@type\":\"ImageObject\",\"inLanguage\":\"en-US\",\"@id\":\"https:\/\/www.adorablebeauty.it\/en\/#\/schema\/logo\/image\/\",\"url\":\"https:\/\/www.adorablebeauty.it\/wp-content\/uploads\/2021\/06\/aa.png\",\"contentUrl\":\"https:\/\/www.adorablebeauty.it\/wp-content\/uploads\/2021\/06\/aa.png\",\"width\":308,\"height\":88,\"caption\":\"Adorable beauty\"},\"image\":{\"@id\":\"https:\/\/www.adorablebeauty.it\/en\/#\/schema\/logo\/image\/\"},\"sameAs\":[\"https:\/\/www.facebook.com\/adorablebeauty.it\/\",\"https:\/\/www.instagram.com\/adorablebeautyofficial\/\"]}]}<\/script>\n<!-- \/ Yoast SEO plugin. -->","yoast_head_json":{"title":"Soleil SPF 6 sunscreen low protection - Adorable Beauty","robots":{"index":"index","follow":"follow","max-snippet":"max-snippet:-1","max-image-preview":"max-image-preview:large","max-video-preview":"max-video-preview:-1"},"canonical":"https:\/\/www.adorablebeauty.it\/en\/prodotto\/soleil-spf-6-crema-solare-bassa-protezione\/","og_locale":"en_US","og_type":"article","og_title":"Soleil SPF 6 sunscreen low protection - Adorable Beauty","og_description":"Ottima \"Ho usato la crema nelle mie vacanze al lago, non ho grossi problemi di scottature ed ho scelto la protezione pi\u00f9 bassa, ha un profumo molto gradevole ed \u00e8 piacevole al tatto, abbronzatura top.\"Carmela Hai gi\u00e0 una bella abbronzatura? La nostra crema solare a bassa protezione \u00e8 perfetta, aiuta a proteggere la pelle dai segni visibili dell'invecchiamento e contribuisce a rendere la tua abbronzatura pi\u00f9 intensa.  &nbsp;  SOLEIL SPF 6 CREMA SOLARE BASSA PROTEZIONE    La pelle abbronzata \u00e8 protetta da un velo protettivo   Esalta l\u2019abbronzatura e la rende pi\u00f9 intensa, pi\u00f9 dorata e duratura   Day after day, the skin is hydrated and nourished, smoothed and protected  &nbsp;  Emulsione fluida viso-corpo ideale per pelli gi\u00e0 abbronzate e non sensibili. L\u2019Aloe e l\u2019Olio di Canapa mantengono la pelle morbida e idratata, prevenendo i segni dell\u2019invecchiamento cutaneo.  &nbsp;  Usage:  applicare pi\u00f9 volte sul viso e sul corpo durante l\u2019esposizione al sole. Il prodotto non \u00e8 resistente all\u2019acqua.","og_url":"https:\/\/www.adorablebeauty.it\/en\/prodotto\/soleil-spf-6-crema-solare-bassa-protezione\/","og_site_name":"Adorable Beauty","article_publisher":"https:\/\/www.facebook.com\/adorablebeauty.it\/","article_modified_time":"2025-11-28T13:50:01+00:00","og_image":[{"width":1080,"height":1080,"url":"https:\/\/www.adorablebeauty.it\/wp-content\/uploads\/2023\/06\/Adorable-beauty.013.jpeg","type":"image\/jpeg"}],"twitter_card":"summary_large_image","twitter_misc":{"Est. reading time":"1 minute"},"schema":{"@context":"https:\/\/schema.org","@graph":[{"@type":"WebPage","@id":"https:\/\/www.adorablebeauty.it\/en\/prodotto\/soleil-spf-6-crema-solare-bassa-protezione\/","url":"https:\/\/www.adorablebeauty.it\/en\/prodotto\/soleil-spf-6-crema-solare-bassa-protezione\/","name":"Soleil SPF 6 sunscreen low protection - Adorable Beauty","isPartOf":{"@id":"https:\/\/www.adorablebeauty.it\/en\/#website"},"datePublished":"2021-05-18T10:49:42+00:00","dateModified":"2025-11-28T13:50:01+00:00","breadcrumb":{"@id":"https:\/\/www.adorablebeauty.it\/en\/prodotto\/soleil-spf-6-crema-solare-bassa-protezione\/#breadcrumb"},"inLanguage":"en-US","potentialAction":[{"@type":"ReadAction","target":["https:\/\/www.adorablebeauty.it\/en\/prodotto\/soleil-spf-6-crema-solare-bassa-protezione\/"]}]},{"@type":"BreadcrumbList","@id":"https:\/\/www.adorablebeauty.it\/en\/prodotto\/soleil-spf-6-crema-solare-bassa-protezione\/#breadcrumb","itemListElement":[{"@type":"ListItem","position":1,"name":"Home","item":"https:\/\/www.adorablebeauty.it\/en\/home-2024\/"},{"@type":"ListItem","position":2,"name":"Shop","item":"https:\/\/www.adorablebeauty.it\/en\/shop-2\/"},{"@type":"ListItem","position":3,"name":"Soleil SPF 6 sunscreen low protection"}]},{"@type":"WebSite","@id":"https:\/\/www.adorablebeauty.it\/en\/#website","url":"https:\/\/www.adorablebeauty.it\/en\/","name":"Adorable Beauty","description":"Natural Beauty","publisher":{"@id":"https:\/\/www.adorablebeauty.it\/en\/#organization"},"potentialAction":[{"@type":"SearchAction","target":{"@type":"EntryPoint","urlTemplate":"https:\/\/www.adorablebeauty.it\/en\/?s={search_term_string}"},"query-input":"required name=search_term_string"}],"inLanguage":"en-US"},{"@type":"Organization","@id":"https:\/\/www.adorablebeauty.it\/en\/#organization","name":"Adorable beauty","url":"https:\/\/www.adorablebeauty.it\/en\/","logo":{"@type":"ImageObject","inLanguage":"en-US","@id":"https:\/\/www.adorablebeauty.it\/en\/#\/schema\/logo\/image\/","url":"https:\/\/www.adorablebeauty.it\/wp-content\/uploads\/2021\/06\/aa.png","contentUrl":"https:\/\/www.adorablebeauty.it\/wp-content\/uploads\/2021\/06\/aa.png","width":308,"height":88,"caption":"Adorable beauty"},"image":{"@id":"https:\/\/www.adorablebeauty.it\/en\/#\/schema\/logo\/image\/"},"sameAs":["https:\/\/www.facebook.com\/adorablebeauty.it\/","https:\/\/www.instagram.com\/adorablebeautyofficial\/"]}]}},"_links":{"self":[{"href":"https:\/\/www.adorablebeauty.it\/en\/wp-json\/wp\/v2\/product\/5359"}],"collection":[{"href":"https:\/\/www.adorablebeauty.it\/en\/wp-json\/wp\/v2\/product"}],"about":[{"href":"https:\/\/www.adorablebeauty.it\/en\/wp-json\/wp\/v2\/types\/product"}],"wp:featuredmedia":[{"embeddable":true,"href":"https:\/\/www.adorablebeauty.it\/en\/wp-json\/wp\/v2\/media\/5259"}],"wp:attachment":[{"href":"https:\/\/www.adorablebeauty.it\/en\/wp-json\/wp\/v2\/media?parent=5359"}],"wp:term":[{"taxonomy":"product_cat","embeddable":true,"href":"https:\/\/www.adorablebeauty.it\/en\/wp-json\/wp\/v2\/product_cat?post=5359"},{"taxonomy":"product_tag","embeddable":true,"href":"https:\/\/www.adorablebeauty.it\/en\/wp-json\/wp\/v2\/product_tag?post=5359"}],"curies":[{"name":"wp","href":"https:\/\/api.w.org\/{rel}","templated":true}]}}